{"id":1841,"date":"2021-06-29T22:18:16","date_gmt":"2021-06-29T22:18:16","guid":{"rendered":"https:\/\/cwchealth.org\/?page_id=1841"},"modified":"2021-06-29T22:35:37","modified_gmt":"2021-06-29T22:35:37","slug":"terms","status":"publish","type":"page","link":"https:\/\/cwchealth.org\/es\/terms\/","title":{"rendered":"Condiciones de Uso"},"content":{"rendered":"<h2 class=\"wp-block-heading\">Condiciones de Uso<\/h2>\n\n\n\n<h4 class=\"wp-block-heading\"><strong>Aviso Legal y Pol\u00edtica de Privacidad<\/strong><\/h4>\n\n\n\n<h4 class=\"wp-block-heading\"><strong>AL UTILIZAR ESTE SITIO, USTED ACEPTA ESTA POL\u00cdTICA DE PRIVACIDAD Y T\u00c9RMINOS DE USO.&nbsp;<\/strong><br><strong>POR FAVOR L\u00c9ALO CUIDADOSAMENTE.<\/strong><\/h4>\n\n\n\n<p><strong>Contenido del Sitio Web<\/strong><\/p>\n\n\n\n<p>La informaci\u00f3n m\u00e9dica contenida en este Sitio y cualquiera de nuestros sitios de redes sociales es de naturaleza general y no pretende ni implica ser un sustituto del consejo, diagn\u00f3stico o tratamiento brindado por su propio m\u00e9dico o un proveedor de atenci\u00f3n m\u00e9dica calificado. No debe usar esta informaci\u00f3n para diagnosticar o tratar un problema de salud o una enfermedad sin consultar con su propio m\u00e9dico o un proveedor de atenci\u00f3n m\u00e9dica calificado. Aunque se hace todo lo posible para garantizar que la informaci\u00f3n proporcionada sea precisa y oportuna, se brinda por conveniencia y no debe considerarse oficial.<\/p>\n\n\n\n<p>El uso de este Sitio o cualquiera de nuestros sitios de redes sociales no constituir\u00e1 el establecimiento de una relaci\u00f3n m\u00e9dico\/paciente o cl\u00ednica con ninguna persona, ni el establecimiento u oferta para entablar una relaci\u00f3n comercial con ninguna instituci\u00f3n u organizaci\u00f3n.<\/p>\n\n\n\n<p>Usted acepta no utilizar este Sitio ni ninguna de sus funciones para ning\u00fan prop\u00f3sito que sea ilegal o est\u00e9 prohibido.<\/p>\n\n\n\n<p><strong>Informaci\u00f3n que Recopilamos<\/strong><\/p>\n\n\n\n<p>Al usar este Sitio, usted acepta la recopilaci\u00f3n y el uso de informaci\u00f3n como se describe a continuaci\u00f3n.<\/p>\n\n\n\n<p><strong>Datos de Uso y Actividad del Sitio<\/strong><br>Recopilamos autom\u00e1ticamente informaci\u00f3n sobre las acciones que realiza en este Sitio (\"Datos de uso\"). Por ejemplo, cada vez que usa este Sitio, recopilamos autom\u00e1ticamente el tipo de navegador web que usa, su sistema operativo, su proveedor de servicios de Internet, su direcci\u00f3n IP, las p\u00e1ginas que ve y la hora y duraci\u00f3n de sus visitas a este Sitio. Usamos esta informaci\u00f3n para ayudarnos a comprender c\u00f3mo las personas usan este Sitio y para mejorar los servicios que ofrecemos.<\/p>\n\n\n\n<p><strong>Cookies e Identificadores An\u00f3nimos<br><\/strong>Podemos usar cookies (un peque\u00f1o archivo de texto colocado en su computadora para identificar su computadora y navegador web) y podemos usar identificadores an\u00f3nimos (una cadena aleatoria de caracteres que se usa para los mismos prop\u00f3sitos que una cookie). Usamos cookies y otros identificadores an\u00f3nimos para analizar el uso y mejorar este Sitio y como se describe en la Secci\u00f3n de Publicidad y Seguimiento en L\u00ednea de esta Pol\u00edtica de Privacidad. No utilizamos cookies para recopilar informaci\u00f3n personal (consulte la secci\u00f3n anterior sobre Datos de uso y actividad del sitio para saber qu\u00e9 se puede recopilar). La mayor\u00eda de los navegadores web est\u00e1n configurados inicialmente para aceptar cookies. Puede restablecer su navegador web para rechazar todas las cookies o para indicar cu\u00e1ndo se env\u00eda una cookie; sin embargo, es posible que ciertas funciones de este Sitio no funcionen si elimina o desactiva las cookies. Algunos de nuestros proveedores de servicios pueden usar sus propias cookies, identificadores an\u00f3nimos u otra tecnolog\u00eda de seguimiento en relaci\u00f3n con los servicios que realizan en nuestro nombre.<\/p>\n\n\n\n<p>Utilizamos Google Analytics en este sitio para recopilar datos de uso, analizar c\u00f3mo los usuarios usan este sitio y proporcionarle anuncios en otros sitios web. Para obtener m\u00e1s informaci\u00f3n sobre c\u00f3mo optar por que Google Analytics no utilice su informaci\u00f3n, visite&nbsp;<a href=\"https:\/\/tools.google.com\/dlpage\/gaoptout\/\">https:\/\/tools.google.com\/dlpage\/gaoptout\/<\/a>.<\/p>\n\n\n\n<p><strong>Compartir Informaci\u00f3n con Otros<br><\/strong>Tenga en cuenta que cada vez que comparte informaci\u00f3n en cualquier \u00e1rea p\u00fablica de este Sitio, otras personas pueden acceder a esa informaci\u00f3n. Adem\u00e1s, recuerde que cuando comparte informaci\u00f3n en cualquier otra comunicaci\u00f3n con terceros, esa informaci\u00f3n puede ser compartida o hecha p\u00fablica por otros. Esto significa que cualquier persona con acceso a dicha informaci\u00f3n puede potencialmente usarla para cualquier prop\u00f3sito, incluido el env\u00edo de comunicaciones no solicitadas.<\/p>\n\n\n\n<p>Al usar este Sitio, puede asegurarse de que su informaci\u00f3n personal est\u00e9 disponible para otros. Por ejemplo, cuando publica un comentario o una foto en este Sitio o en nuestros sitios de redes sociales, otros usuarios pueden obtener informaci\u00f3n personal que, de otro modo, estar\u00eda disponible para otros.<\/p>\n\n\n\n<p><strong>Enlaces Externos<br><\/strong>Nuestro Sitio puede contener enlaces a otros sitios web o permitir que otros le env\u00eden dichos enlaces. Un enlace al sitio web de un tercero no significa que lo respaldemos o que estemos afiliados a \u00e9l. No ejercemos control sobre los sitios web de terceros. Usted accede a tales sitios web o contenido de terceros bajo su propio riesgo. Siempre debe leer la pol\u00edtica de privacidad de un sitio web de terceros antes de proporcionar cualquier informaci\u00f3n al sitio web.<\/p>\n\n\n\n<p>Si usa el enlace al Portal del paciente, tenga en cuenta que lo llevar\u00e1 a otro sitio operado por un proveedor externo. Revise la pol\u00edtica de privacidad aplicable en relaci\u00f3n con esto.<\/p>\n\n\n\n<p><strong>Redes sociales \u2013 Condiciones de Uso<\/strong><br>Alentamos las discusiones abiertas y esperamos cualquier comentario, historia y experiencia que desee compartir. Sin embargo, este Sitio es p\u00fablico y no debe compartir ninguna informaci\u00f3n m\u00e9dica personal que desee que se mantenga confidencial. No podemos responder a todos los comentarios, particularmente a aquellos que tratan sobre casos y problemas m\u00e9dicos individuales. La informaci\u00f3n proporcionada en nuestros sitios de redes sociales tiene \u00fanicamente fines informativos y no pretende reemplazar la consulta con su m\u00e9dico o un proveedor de atenci\u00f3n m\u00e9dica calificado.<\/p>\n\n\n\n<p>Al publicar cualquier comentario, publicaci\u00f3n u otro material, otorga a Calexico Wellness Center el derecho irrevocable de reproducir, distribuir, publicar, mostrar, editar, modificar o eliminar dichos comentarios, publicaciones u otro material. Al enviar contenido a nuestros sitios de redes sociales (publicaciones, fotos, enlaces, etc.), comprende que esta informaci\u00f3n est\u00e1 disponible p\u00fablicamente y acepta los t\u00e9rminos de uso.<\/p>\n\n\n\n<p><strong>Descargos de Responsabilidad<br><\/strong>La informaci\u00f3n que se muestra en o a trav\u00e9s de este Sitio (incluidos nuestros sitios de redes sociales) se proporciona sin garant\u00edas de ning\u00fan tipo, expresas o impl\u00edcitas, incluidas, entre otras, las de t\u00edtulo, comerciabilidad, idoneidad para un prop\u00f3sito particular o no infracci\u00f3n o cualquier garant\u00eda derivada de un curso de negociaci\u00f3n, uso o pr\u00e1ctica comercial. Calexico Wellness Center no ser\u00e1 responsable ante usted o cualquier otra persona por cualquier decisi\u00f3n o acci\u00f3n tomada por usted o cualquier otra persona en funci\u00f3n de la informaci\u00f3n proporcionada. Al acceder a este Sitio, a nuestros sitios de redes sociales e Internet en general, usted asume toda la responsabilidad y el riesgo de uso.<\/p>\n\n\n\n<p><strong>Seguridad<br><\/strong>Tenga en cuenta que la mayor\u00eda de la informaci\u00f3n transmitida a trav\u00e9s de Internet no es segura y, por lo tanto, no se puede garantizar la confidencialidad.<\/p>\n\n\n\n<p><strong>Derecho a Modificar<br><\/strong>Calexico Wellness Center tiene derecho a modificar esta pol\u00edtica (incluidos los t\u00e9rminos de uso de nuestros sitios de redes sociales) en cualquier momento sin previo aviso al realizar cambios en los t\u00e9rminos publicados en este sitio.<\/p>","protected":false},"excerpt":{"rendered":"<p>Terms of Use Legal Disclaimer and Privacy Policy BY USING THIS SITE, YOU ARE CONSENTING TO THIS PRIVACY POLICY AND TERMS OF USE.&nbsp;PLEASE READ IT CAREFULLY. Website Content The medical information contained on this Site and any of our social media sites are general in nature and not intended or implied to be a substitute [&hellip;]<\/p>","protected":false},"author":2,"featured_media":0,"parent":0,"menu_order":0,"comment_status":"closed","ping_status":"closed","template":"","meta":{"footnotes":""},"class_list":["post-1841","page","type-page","status-publish","hentry"],"blocksy_meta":{"styles_descriptor":{"styles":{"desktop":"","tablet":"","mobile":""},"google_fonts":[],"version":6}},"rttpg_featured_image_url":null,"rttpg_author":{"display_name":"itscps","author_link":"https:\/\/cwchealth.org\/es\/author\/itscps\/"},"rttpg_comment":0,"rttpg_category":null,"rttpg_excerpt":"Terms of Use Legal Disclaimer and Privacy Policy BY USING THIS SITE, YOU ARE CONSENTING TO THIS PRIVACY POLICY AND TERMS OF USE.&nbsp;PLEASE READ IT CAREFULLY. Website Content The medical information contained on this Site and any of our social media sites are general in nature and not intended or implied to be a substitute&hellip;","_links":{"self":[{"href":"https:\/\/cwchealth.org\/es\/wp-json\/wp\/v2\/pages\/1841","targetHints":{"allow":["GET"]}}],"collection":[{"href":"https:\/\/cwchealth.org\/es\/wp-json\/wp\/v2\/pages"}],"about":[{"href":"https:\/\/cwchealth.org\/es\/wp-json\/wp\/v2\/types\/page"}],"author":[{"embeddable":true,"href":"https:\/\/cwchealth.org\/es\/wp-json\/wp\/v2\/users\/2"}],"replies":[{"embeddable":true,"href":"https:\/\/cwchealth.org\/es\/wp-json\/wp\/v2\/comments?post=1841"}],"version-history":[{"count":2,"href":"https:\/\/cwchealth.org\/es\/wp-json\/wp\/v2\/pages\/1841\/revisions"}],"predecessor-version":[{"id":1844,"href":"https:\/\/cwchealth.org\/es\/wp-json\/wp\/v2\/pages\/1841\/revisions\/1844"}],"wp:attachment":[{"href":"https:\/\/cwchealth.org\/es\/wp-json\/wp\/v2\/media?parent=1841"}],"curies":[{"name":"wp","href":"https:\/\/api.w.org\/{rel}","templated":true}]}}