{"id":3,"date":"2021-06-03T20:22:24","date_gmt":"2021-06-03T20:22:24","guid":{"rendered":"http:\/\/cwc.test\/?page_id=3"},"modified":"2021-06-30T17:47:56","modified_gmt":"2021-06-30T17:47:56","slug":"privacy","status":"publish","type":"page","link":"https:\/\/cwchealth.org\/es\/privacy\/","title":{"rendered":"Derechos y Privacidad del Paciente"},"content":{"rendered":"<p><\/p>\n\n\n\n<h2 class=\"wp-block-heading\">Derechos y Privacidad del Paciente<\/h2>\n\n\n\n<h4 class=\"wp-block-heading\"><strong>Aviso de Pr\u00e1cticas de Privacidad de Calexico Wellness Center<\/strong><\/h4>\n\n\n\n<p>Este aviso describe c\u00f3mo se puede usar y divulgar su informaci\u00f3n de salud y c\u00f3mo puede acceder a esta informaci\u00f3n. Por favor rev\u00edselo cuidadosamente.<\/p>\n\n\n\n<p><strong>Nuestro Compromiso con Respecto a su Informaci\u00f3n de Salud<\/strong><\/p>\n\n\n\n<p>Entendemos que la informaci\u00f3n sobre usted y su salud es personal. Estamos comprometidos a proteger la privacidad de esta informaci\u00f3n. Cada vez que visita Calexico Wellness Center, creamos un registro de la atenci\u00f3n y los servicios que recibe. Necesitamos este registro para brindarle atenci\u00f3n de calidad y cumplir con ciertos requisitos legales. Este aviso se aplica a todos los registros de su atenci\u00f3n generados por Calexico Wellness Center, ya sea que los realice el personal de atenci\u00f3n m\u00e9dica o su m\u00e9dico.<\/p>\n\n\n\n<p>Este aviso le informar\u00e1 sobre las formas en que podemos usar y divulgar su informaci\u00f3n de salud. Tambi\u00e9n describimos sus derechos y ciertas obligaciones que tenemos con respecto al uso y divulgaci\u00f3n de informaci\u00f3n m\u00e9dica.<\/p>\n\n\n\n<p><strong>Nuestras Responsabilidades<\/strong><\/p>\n\n\n\n<p>Nuestra principal responsabilidad es salvaguardar su informaci\u00f3n m\u00e9dica personal. Tambi\u00e9n debemos darle este aviso de nuestras pr\u00e1cticas de privacidad, y debemos seguir los t\u00e9rminos del aviso que est\u00e1 actualmente en vigor.<\/p>\n\n\n\n<p><strong>Cambios a este aviso<\/strong>&nbsp;- Nos reservamos el derecho de modificar este aviso. Nos reservamos el derecho de hacer efectivo el aviso revisado o modificado para la informaci\u00f3n de salud que ya tenemos sobre usted, as\u00ed como cualquier informaci\u00f3n que recibamos en el futuro.<\/p>\n\n\n\n<p><strong>Quejas<\/strong>&nbsp;- Si cree que se han violado sus derechos de privacidad, puede presentar una queja en cualquiera de nuestras instalaciones. Esta queja debe enviarse por escrito a: Calexico Wellness Center Privacy Officer 420 Heffernan Ave Suite D, Calexico, CA 92231. No habr\u00e1 represalias por presentar una queja. Tambi\u00e9n tiene derecho a presentar una queja ante el Secretario del Departamento de Salud y Servicios Humanos.<\/p>\n\n\n\n<p><strong>C\u00f3mo Podemos Usar y Divulgar su Informaci\u00f3n de Salud<\/strong><\/p>\n\n\n\n<p>Las siguientes categor\u00edas describen diferentes formas en que usamos su informaci\u00f3n de salud dentro de Calexico Wellness Center y divulgamos su informaci\u00f3n de salud a personas y entidades fuera de Calexico Wellness Center. Cada descripci\u00f3n es de una categor\u00eda de usos o divulgaciones. No hemos enumerado todos los usos o divulgaciones dentro de las categor\u00edas, pero todos los usos y divulgaciones permitidos se incluir\u00e1n en una de las siguientes categor\u00edas.<\/p>\n\n\n\n<p><strong>Con su Consentimiento por Escrito<\/strong><\/p>\n\n\n\n<p>De conformidad con la Ley Federal de Portabilidad y Responsabilidad del Seguro M\u00e9dico (HIPAA), obtendremos por escrito su consentimiento de informaci\u00f3n cuando visite por primera vez un centro de Calexico Wellness Center. El consentimiento de informaci\u00f3n es necesario para permitirnos usar su informaci\u00f3n de salud dentro de Calexico Wellness Center y divulgar su informaci\u00f3n de salud fuera de Calexico Wellness Center. El consentimiento de informaci\u00f3n debe obtenerse una sola vez. Sigue siendo v\u00e1lido a menos que lo revoque por escrito. Este consentimiento ser\u00e1 utilizado para las siguientes finalidades:<\/p>\n\n\n\n<p><strong>Tratamiento<\/strong>&nbsp;- Podemos utilizar su informaci\u00f3n de salud para brindarle tratamiento y servicios m\u00e9dicos. Podemos divulgar su informaci\u00f3n de salud a m\u00e9dicos, enfermeras, t\u00e9cnicos, estudiantes de medicina, pasantes u otro personal que participe en su atenci\u00f3n durante su visita con nosotros.<\/p>\n\n\n\n<p><strong>Pago<\/strong>&nbsp;- Podemos usar y divulgar su informaci\u00f3n de salud para que el tratamiento y los servicios que recibe en nuestro centro de atenci\u00f3n m\u00e9dica puedan facturarse y cobrarse a usted, a una compa\u00f1\u00eda de seguros o a un tercero. Esto tambi\u00e9n puede incluir la divulgaci\u00f3n de informaci\u00f3n de salud para obtener autorizaci\u00f3n previa para tratamientos y procedimientos de su plan de seguro.<\/p>\n\n\n\n<p><strong>Operaciones de Atenci\u00f3n M\u00e9dica<\/strong>&nbsp;- Podemos usar y divulgar su informaci\u00f3n m\u00e9dica para operaciones de atenci\u00f3n m\u00e9dica, incluidas las actividades de control de calidad; otorgar credenciales de personal m\u00e9dico a los m\u00e9dicos; actividades administrativas, incluida la planificaci\u00f3n y el desarrollo financiero y comercial del Calexico Wellness Center; actividades de servicio al cliente, incluida la investigaci\u00f3n de quejas; y ciertas actividades de comercializaci\u00f3n y recaudaci\u00f3n de fondos, etc. Estos usos y divulgaciones son necesarios para operar nuestro centro de atenci\u00f3n m\u00e9dica y garantizar que todos nuestros pacientes reciban atenci\u00f3n de calidad.<\/p>\n\n\n\n<p><strong>Asociados de Negocios<\/strong>&nbsp;- Existen algunos servicios prestados en nuestra organizaci\u00f3n a trav\u00e9s de contratos con socios comerciales. Los ejemplos de socios comerciales incluyen agencias de acreditaci\u00f3n, consultores de gesti\u00f3n, revisores de control de calidad, etc. Podemos divulgar su informaci\u00f3n de salud a nuestros socios comerciales para que puedan realizar el trabajo que les hemos pedido que hagan. Para proteger su informaci\u00f3n de salud, requerimos que nuestros socios comerciales firmen un contrato que establece que proteger\u00e1n adecuadamente su informaci\u00f3n.<\/p>\n\n\n\n<p><strong>Recordatorios de Citas<\/strong>&nbsp;- Podemos usar y divulgar informaci\u00f3n de salud para comunicarnos con usted y recordarle que tiene una cita para recibir tratamiento o atenci\u00f3n m\u00e9dica en nuestro centro de atenci\u00f3n m\u00e9dica.<\/p>\n\n\n\n<p><strong>Marketing o Recaudaci\u00f3n de Fondos<\/strong>&nbsp;- Es posible que nos comuniquemos con usted como parte de un esfuerzo de mercadeo y\/o recaudaci\u00f3n de fondos. Como parte de nuestro marketing, podemos informarle sobre los productos y servicios relacionados con la salud de Calexico Wellness Center que pueden ser de su inter\u00e9s. Si recibe una comunicaci\u00f3n nuestra con fines de marketing o recaudaci\u00f3n de fondos, en la mayor\u00eda de los casos, se le informar\u00e1 c\u00f3mo puede optar por no recibir m\u00e1s comunicaciones de marketing o recaudaci\u00f3n de fondos.<br>Estos tipos de comunicaci\u00f3n pueden enviarse en varios formatos, como, entre otros, correo electr\u00f3nico, llamada telef\u00f3nica, mensaje de texto o carta enviada por correo.<\/p>\n\n\n\n<p><strong>Investigaciones que No Involucran su Tratamiento<\/strong>&nbsp;\u2010Cuando un estudio de investigaci\u00f3n no involucre ning\u00fan tratamiento, podemos divulgar su informaci\u00f3n de salud a investigadores cuando una Junta de Revisi\u00f3n Institucional (IRB) haya revisado la propuesta de investigaci\u00f3n, haya establecido protocolos apropiados para garantizar la privacidad de su informaci\u00f3n de salud y haya aprobado la investigaci\u00f3n.<\/p>\n\n\n\n<p><strong>Con Su Acuerdo Verbal<\/strong><\/p>\n\n\n\n<p>Personas involucradas en su atenci\u00f3n o en el pago de su atenci\u00f3n: podemos divulgar informaci\u00f3n m\u00e9dica sobre usted a un amigo o familiar que est\u00e9 involucrado en su atenci\u00f3n m\u00e9dica, a menos que nos indique con anticipaci\u00f3n que no lo hagamos. Adem\u00e1s, podemos divulgar su informaci\u00f3n de salud a una entidad que ayude en un esfuerzo de socorro en casos de desastre (como la Cruz Roja) para que su familia pueda ser notificada sobre su condici\u00f3n, estado y ubicaci\u00f3n.<\/p>\n\n\n\n<p><strong>Con su \"Autorizaci\u00f3n\" Espec\u00edfica por Escrito<\/strong><\/p>\n\n\n\n<p>Otros usos y divulgaciones de informaci\u00f3n de salud no cubiertos por este aviso o las leyes que se aplican a nosotros se realizar\u00e1n solo con su permiso por escrito (llamado \"autorizaci\u00f3n\"). Si nos autoriza a usar o divulgar su informaci\u00f3n de salud, puede revocar esa autorizaci\u00f3n por escrito en cualquier momento. Si revoca su autorizaci\u00f3n, ya no utilizaremos ni divulgaremos su informaci\u00f3n m\u00e9dica por los motivos cubiertos por su autorizaci\u00f3n por escrito. Usted comprende que no podemos retirar ninguna divulgaci\u00f3n que ya hayamos hecho con su permiso, y que estamos obligados a conservar nuestros registros de la atenci\u00f3n que le brindamos. Algunas divulgaciones t\u00edpicas que requieren su autorizaci\u00f3n son las siguientes:<\/p>\n\n\n\n<p><strong>Investigaci\u00f3n Relacionada con su Tratamiento<\/strong>&nbsp;\u2010 Cuando un estudio de investigaci\u00f3n involucra su tratamiento, podemos divulgar su informaci\u00f3n de salud a los investigadores solo despu\u00e9s de que haya firmado una autorizaci\u00f3n espec\u00edfica por escrito. Adem\u00e1s, para cualquier estudio de investigaci\u00f3n de este tipo, una Junta de Revisi\u00f3n Institucional (IRB) ya habr\u00e1 revisado la propuesta de investigaci\u00f3n, establecido los protocolos apropiados para garantizar la privacidad de su informaci\u00f3n de salud y aprobado la investigaci\u00f3n. No tiene que firmar la autorizaci\u00f3n para recibir tratamiento de Calexico Wellness Center, pero si se niega a firmar la autorizaci\u00f3n, no puede ser parte de<br>el estudio de investigaci\u00f3n.<\/p>\n\n\n\n<p><strong>Divulgaciones de Tratamiento por Abuso de Drogas y Alcohol<\/strong>&nbsp;\u2010 Divulgaremos informaci\u00f3n sobre su tratamiento de drogas y alcohol solo de acuerdo con la Ley de privacidad federal. En general, la Ley de Privacidad requiere su autorizaci\u00f3n por escrito para tales divulgaciones.<\/p>\n\n\n\n<p><strong>Divulgaci\u00f3n de Informaci\u00f3n sobre Tratamientos de Salud Mental<\/strong>&nbsp;- Divulgaremos informaci\u00f3n sobre su tratamiento de salud mental solo de acuerdo con la ley estatal. En la mayor\u00eda de los casos, la ley estatal requiere su autorizaci\u00f3n por escrito o la autorizaci\u00f3n por escrito de su representante para tales divulgaciones.<\/p>\n\n\n\n<p><strong>Divulgaciones Solicitadas por Calexico Wellness Center<\/strong>&nbsp;- Podemos pedirle que firme una autorizaci\u00f3n que nos permita usar o divulgar su informaci\u00f3n de salud a otros para fines espec\u00edficos, como notificarle sobre futuros eventos educativos o sociales que podr\u00eda disfrutar.<\/p>\n\n\n\n<p><strong>Situaciones Especiales que No Requieren su Consentimiento o Autorizaci\u00f3n de Informaci\u00f3n<\/strong><\/p>\n\n\n\n<p>Las siguientes divulgaciones de su informaci\u00f3n de salud est\u00e1n permitidas por ley sin ning\u00fan permiso oral o escrito de su parte:<\/p>\n\n\n\n<p><strong>Donaci\u00f3n de \u00d3rganos y Tejidos<\/strong>&nbsp;\u2010 Si usted es un donante de \u00f3rganos, podemos divulgar informaci\u00f3n de salud a organizaciones que manejan la obtenci\u00f3n de \u00f3rganos o el trasplante de \u00f3rganos, ojos o tejidos, o a un banco de donaci\u00f3n de \u00f3rganos seg\u00fan sea necesario para facilitar la donaci\u00f3n y el trasplante de \u00f3rganos o tejidos.<\/p>\n\n\n\n<p><strong>Militares y Veteranos<\/strong>&nbsp;- Si usted es miembro de las fuerzas armadas, podemos divulgar su informaci\u00f3n de salud seg\u00fan lo exijan las autoridades del comando militar.<\/p>\n\n\n\n<p><strong>Compensaci\u00f3n del Trabajador<\/strong>&nbsp;- Podemos divulgar su informaci\u00f3n de salud para la compensaci\u00f3n del trabajador o programas similares si tiene una lesi\u00f3n relacionada con el trabajo. Estos programas brindan beneficios por lesiones relacionadas con el trabajo.<\/p>\n\n\n\n<p><strong>Prevenci\u00f3n de una Amenaza Grave para la Salud o la Seguridad<\/strong>&nbsp;- Podemos usar y divulgar su informaci\u00f3n de salud cuando sea necesario para prevenir una amenaza grave a su salud o seguridad o la salud y seguridad de otra persona o del p\u00fablico. Estas divulgaciones se har\u00edan solo a alguien que pueda ayudar a prevenir la amenaza.<\/p>\n\n\n\n<p><strong>Actividades de Salud P\u00fablica<\/strong>&nbsp;- Podemos divulgar informaci\u00f3n m\u00e9dica sobre usted para actividades de salud p\u00fablica. Estos generalmente incluyen lo siguiente:<\/p>\n\n\n\n<ul class=\"wp-block-list\"><li>Para prevenir o controlar enfermedades, lesiones o discapacidades.<\/li><li>Para informar nacimientos y defunciones.<\/li><li>Para reportar abuso o negligencia infantil.<\/li><li>Para reportar reacciones a medicamentos, problemas con productos u otros eventos adversos.<\/li><li>Para notificar a las personas sobre retiros de productos que pueden estar usando.<\/li><li>Para notificar a una persona que puede haber estado expuesta a una enfermedad o puede estar en riesgo de contraer o propagar una enfermedad o condici\u00f3n.<\/li><li>Notificar a la autoridad gubernamental correspondiente si creemos que un paciente ha sido v\u00edctima de abuso (incluido el abuso infantil), negligencia o violencia dom\u00e9stica. Solo haremos esta divulgaci\u00f3n si usted est\u00e1 de acuerdo o cuando lo exija o lo autorice la ley.<\/li><\/ul>\n\n\n\n<p><strong>Actividades de Vigilancia de la Salud<\/strong>&nbsp;- Podemos divulgar informaci\u00f3n de salud a una agencia de supervisi\u00f3n de la salud para actividades autorizadas por la ley. Estas actividades de supervisi\u00f3n incluyen auditor\u00edas, investigaciones, inspecciones y otorgamiento de licencias. Estas actividades son necesarias para que el gobierno controle el sistema de atenci\u00f3n m\u00e9dica, los programas gubernamentales y el cumplimiento de las leyes de derechos civiles.<\/p>\n\n\n\n<p><strong>Juicios y Disputas<\/strong>&nbsp;\u2010 Si est\u00e1 involucrado en una demanda o disputa, podemos divulgar su informaci\u00f3n de salud en respuesta a una orden judicial o administrativa. Podemos divulgar su informaci\u00f3n de salud en respuesta a una citaci\u00f3n, solicitud de descubrimiento u otro proceso legal por parte de otra persona involucrada en la disputa. Solo divulgaremos esta informaci\u00f3n si se han hecho esfuerzos para informarle sobre la solicitud para permitirle obtener una orden que proteja la informaci\u00f3n solicitada.<\/p>\n\n\n\n<p><strong>Cumplimiento de la Ley<\/strong>&nbsp;\u2010 Podemos divulgar informaci\u00f3n de salud si as\u00ed lo solicitan los funcionarios encargados de hacer cumplir la ley por los siguientes motivos:<\/p>\n\n\n\n<ul class=\"wp-block-list\"><li>En respuesta a una orden judicial, citaci\u00f3n, mandato judicial, emplazamiento o proceso similar.<\/li><li>Para identificar o localizar a un sospechoso, fugitivo, testigo material o persona desaparecida.<\/li><li>Sobre la v\u00edctima de un delito si, bajo ciertas circunstancias, no podemos obtener el consentimiento de la persona.<\/li><li>Sobre una muerte que creemos que puede ser consecuencia de una conducta delictiva.<\/li><li>Sobre la conducta criminal en nuestras instalaciones.<\/li><li>En circunstancias de emergencia para denunciar un delito, la ubicaci\u00f3n del delito o de las v\u00edctimas, o la identidad, descripci\u00f3n o ubicaci\u00f3n de la persona que cometi\u00f3 el delito.<\/li><\/ul>\n\n\n\n<p><strong>M\u00e9dicos Forenses, Examinadores M\u00e9dicos y Directores de Funerarias<\/strong>&nbsp;- Podemos divulgar informaci\u00f3n de salud a un m\u00e9dico forense o examinador m\u00e9dico. Esto puede ser necesario para identificar a una persona fallecida o determinar la causa de la muerte de una persona. Tambi\u00e9n podemos divulgar informaci\u00f3n de salud sobre los pacientes en nuestras instalaciones a los directores de funerarias seg\u00fan sea necesario para llevar a cabo sus funciones.<\/p>\n\n\n\n<p><strong>Actividades de Inteligencia y Seguridad Nacional<\/strong>&nbsp;- Podemos divulgar su informaci\u00f3n de salud a funcionarios federales autorizados para actividades de inteligencia, contrainteligencia y otras actividades de seguridad nacional autorizadas por la ley.<\/p>\n\n\n\n<p><strong>Presos<\/strong>&nbsp;- Si usted es un recluso de una instituci\u00f3n correccional o est\u00e1 bajo la custodia de un oficial de la ley, podemos divulgar su informaci\u00f3n de salud a la instituci\u00f3n correccional o al oficial de la ley. Esto es necesario para que la instituci\u00f3n correccional le brinde atenci\u00f3n m\u00e9dica, para proteger su salud y seguridad y la salud y seguridad de los dem\u00e1s, o para la seguridad y protecci\u00f3n de la instituci\u00f3n correccional.<\/p>\n\n\n\n<p><strong>Requerimientos Legales<\/strong>&nbsp;- Divulgaremos informaci\u00f3n m\u00e9dica sobre usted sin su permiso cuando as\u00ed lo exija la ley federal, estatal o local.<\/p>\n\n\n\n<p><strong>Sus Derechos de Informaci\u00f3n de Salud<br><\/strong>Aunque su expediente m\u00e9dico es propiedad f\u00edsica de la entidad Calexico Wellness Center que lo cre\u00f3, la informaci\u00f3n le pertenece a usted.<br><strong><br>Tiene derecho a:<\/strong><\/p>\n\n\n\n<ul class=\"wp-block-list\"><li>Solicitar una restricci\u00f3n sobre ciertos usos y divulgaciones de su informaci\u00f3n. No estamos obligados por ley a aceptar su solicitud. Si estamos de acuerdo, cumpliremos con su solicitud a menos que la informaci\u00f3n sea necesaria para brindarle un tratamiento de emergencia.<\/li><li>Obtener una copia de este Aviso de pr\u00e1cticas de privacidad si lo solicita.<\/li><li>Inspeccionar y solicitar una copia de su expediente m\u00e9dico por una tarifa. Podemos denegar su solicitud en circunstancias muy limitadas. Si se le niega el acceso a la informaci\u00f3n de salud, puede solicitar que otro profesional de atenci\u00f3n m\u00e9dica elegido por alguien de nuestro equipo de atenci\u00f3n m\u00e9dica revise la denegaci\u00f3n. Cumpliremos con el resultado de esa revisi\u00f3n.<\/li><li>Solicitar una enmienda a su registro de salud si cree que la informaci\u00f3n es incorrecta o est\u00e1 incompleta. Podemos denegar su solicitud de enmienda si no est\u00e1 por escrito o no incluye una raz\u00f3n para respaldar la solicitud. Adem\u00e1s, podemos denegar su solicitud si la informaci\u00f3n no fue creada por nuestro equipo de atenci\u00f3n m\u00e9dica, no es parte de la informaci\u00f3n que conserva nuestro centro, no es parte de la informaci\u00f3n que se le permitir\u00eda inspeccionar y copiar, y si la informaci\u00f3n no es exacto y completo. Tenga en cuenta que incluso si aceptamos su solicitud, no estamos obligados a eliminar ninguna informaci\u00f3n de su registro m\u00e9dico.<\/li><li>Obtener un informe de las divulgaciones de su informaci\u00f3n de salud. La contabilidad solo proporcionar\u00e1 informaci\u00f3n sobre las divulgaciones realizadas para fines distintos al tratamiento, pago u operaciones de atenci\u00f3n m\u00e9dica.<\/li><li>Solicitar la comunicaci\u00f3n de su informaci\u00f3n de salud por medios o lugares alternativos.<\/li><li>Revocar su autorizaci\u00f3n para usar o divulgar informaci\u00f3n de salud, excepto en la medida en que ya se hayan tomado medidas.<\/li><li>Quejarse sobre cualquier aspecto de nuestras pr\u00e1cticas de informaci\u00f3n de salud ante nosotros o ante el Departamento de Salud y Servicios Humanos de los Estados Unidos. Puede quejarse con nosotros y esperar una investigaci\u00f3n y una explicaci\u00f3n escribiendo a: Calexico Wellness Center Privacy Officer, 420 Heffernan Ave Suite D, Calexico, CA 92231. Puede presentar una queja ante el Departamento de Salud y Servicios Humanos dirigiendo su queja por escrito a: Secretario, Departamento de Salud y Servicios Humanos.<\/li><\/ul>\n\n\n\n<p><strong>Cambios a este Aviso<\/strong><\/p>\n\n\n\n<p>Nos reservamos el derecho de cambiar este Aviso. Nos reservamos el derecho de hacer efectivo el Aviso revisado para la informaci\u00f3n de salud que ya tenemos sobre usted o su hijo, as\u00ed como cualquier informaci\u00f3n que recibamos en el futuro. Publicaremos una copia del Aviso actual en un lugar claro y destacado al que tenga acceso. El Aviso tambi\u00e9n est\u00e1 disponible para usted si lo solicita. El Aviso contendr\u00e1, en la primera p\u00e1gina en la esquina superior derecha, la fecha de vigencia. Adem\u00e1s, si revisamos el Aviso y usted todav\u00eda est\u00e1 en Calexico Wellness Center, le ofreceremos una copia del Aviso vigente.<\/p>","protected":false},"excerpt":{"rendered":"<p>Patient Rights and Privacy Calexico Wellness Center Notice of Privacy Practices This notice describes how health information about you may be used and disclosed and how you can access this information. Please review it carefully. Our Pledge Regarding Your Health Information We understand that information about you and your health is personal. We are committed [&hellip;]<\/p>","protected":false},"author":2,"featured_media":0,"parent":0,"menu_order":0,"comment_status":"closed","ping_status":"closed","template":"","meta":{"footnotes":""},"class_list":["post-3","page","type-page","status-publish","hentry"],"blocksy_meta":{"styles_descriptor":{"styles":{"desktop":"","tablet":"","mobile":""},"google_fonts":[],"version":6}},"rttpg_featured_image_url":null,"rttpg_author":{"display_name":"itscps","author_link":"https:\/\/cwchealth.org\/es\/author\/itscps\/"},"rttpg_comment":0,"rttpg_category":null,"rttpg_excerpt":"Patient Rights and Privacy Calexico Wellness Center Notice of Privacy Practices This notice describes how health information about you may be used and disclosed and how you can access this information. Please review it carefully. Our Pledge Regarding Your Health Information We understand that information about you and your health is personal. We are committed&hellip;","_links":{"self":[{"href":"https:\/\/cwchealth.org\/es\/wp-json\/wp\/v2\/pages\/3","targetHints":{"allow":["GET"]}}],"collection":[{"href":"https:\/\/cwchealth.org\/es\/wp-json\/wp\/v2\/pages"}],"about":[{"href":"https:\/\/cwchealth.org\/es\/wp-json\/wp\/v2\/types\/page"}],"author":[{"embeddable":true,"href":"https:\/\/cwchealth.org\/es\/wp-json\/wp\/v2\/users\/2"}],"replies":[{"embeddable":true,"href":"https:\/\/cwchealth.org\/es\/wp-json\/wp\/v2\/comments?post=3"}],"version-history":[{"count":3,"href":"https:\/\/cwchealth.org\/es\/wp-json\/wp\/v2\/pages\/3\/revisions"}],"predecessor-version":[{"id":1836,"href":"https:\/\/cwchealth.org\/es\/wp-json\/wp\/v2\/pages\/3\/revisions\/1836"}],"wp:attachment":[{"href":"https:\/\/cwchealth.org\/es\/wp-json\/wp\/v2\/media?parent=3"}],"curies":[{"name":"wp","href":"https:\/\/api.w.org\/{rel}","templated":true}]}}